{"id":4564,"date":"2018-08-05T18:24:00","date_gmt":"2018-08-05T18:24:00","guid":{"rendered":"http:\/\/rp3.com.ec\/?page_id=4564"},"modified":"2026-03-16T08:33:18","modified_gmt":"2026-03-16T08:33:18","slug":"videos","status":"publish","type":"page","link":"https:\/\/rp3.5exceptions.co\/en\/videos\/","title":{"rendered":"Videos"},"content":{"rendered":"<ul class=\"small-block-grid-2 medium-block-grid-2 large-block-grid-3 grid-videos\">\n<li>\n\t\t<a href=\"\/en\/videomerchandising\/\"><img decoding=\"async\" src=\"https:\/\/img.youtube.com\/vi\/dtLmxEUdG8s\/sddefault.jpg\"><\/a><\/p>\n<h3>RP3 Merchandising<\/h3>\n<p>RP3 Merchandising es la herramienta clave para la administraci\u00f3n de mercader\u00edas en la insdustria retail, desde la planificaci\u00f3n de compras a hasta el seguimiento de ventas de sus productos.<\/p>\n<\/li>\n<li>\n\t\t<a href=\"\/en\/videopos\/\"><img decoding=\"async\" src=\"https:\/\/img.youtube.com\/vi\/ZzHY_MwypbA\/sddefault.jpg\"><\/a><\/p>\n<h3>RP3 Punto de venta<\/h3>\n<p>RP3 POS est\u00e1 dise\u00f1ado para los m\u00faltiples formatos del comercio minorista, ayud\u00e1ndole a agilizar sus procesos, la calidad del servicio y promover programas de fidelizaci\u00f3n al cliente.<\/p>\n<\/li>\n<li>\n\t\t<a href=\"\/en\/videomayorista\/\"><img decoding=\"async\" src=\"https:\/\/img.youtube.com\/vi\/1SG8nu-pxdA\/sddefault.jpg\"><\/a><\/p>\n<h3>RP3 Mayorista<\/h3>\n<p>RP3 Mayorista es la clave para automatizar y agilizar sus procesos desde el registro del pedido hasta su despacho, incluyendo el control de cr\u00e9dito a su cartera de clientes.<\/p>\n<\/li>\n<li>\n\t\t<a href=\"\/en\/videocrm\/\"><img decoding=\"async\" src=\"https:\/\/img.youtube.com\/vi\/93jwGpZVcJk\/sddefault.jpg\"><\/a><\/p>\n<h3>RP3 CRM<\/h3>\n<p>RP3\u00ae CRM aprovecha todo el conocimiento obtenido a trav\u00e9s de las diferentes interacciones con el cliente, convirti\u00e9ndolo en informaci\u00f3n valiosa para fortalecer su estrategia de negocios.<\/p>\n<\/li>\n<li>\n\t\t<a href=\"\/en\/videomarketforce\/\"><img decoding=\"async\" src=\"https:\/\/img.youtube.com\/vi\/HRH6TdLaFto\/sddefault.jpg\"><\/a><\/p>\n<h3>RP3 Market Force<\/h3>\n<p>Optimice su red comercial con RP3 Market force y gestione eficazmente las diferentes actividades de pre venta, venta y pos venta de sus productos y servicios.<\/p>\n<\/li>\n<li>\n\t\t<a href=\"\/en\/videosmartview\/\"><img decoding=\"async\" src=\"https:\/\/img.youtube.com\/vi\/If7-nCWazFM\/sddefault.jpg\"><\/a><\/p>\n<h3>RP3 Smart view<\/h3>\n<p>Con RP3 Smarview ampl\u00ede la visi\u00f3n de las \u00e1reas clave de su negocio, facilite la toma de decisiones y genere conocimiento de formas que no cre\u00eda posible.<\/p>\n<\/li>\n<li>\n\t\t<a href=\"\/en\/videofinanciero\/\"><img decoding=\"async\" src=\"https:\/\/img.youtube.com\/vi\/TTTAW4OcgEg\/sddefault.jpg\"><\/a><\/p>\n<h3>RP3 Financiero<\/h3>\n<p>Con RP3 Financiero, mant\u00e9ngase al tanto de informaci\u00f3n esencial sobre su situaci\u00f3n financiera, su crecimiento futuro, rentabilidad y liquidez. <\/p>\n<\/li>\n<li>\n\t\t<a href=\"\/en\/videosar\/\"><img decoding=\"async\" src=\"https:\/\/img.youtube.com\/vi\/N8v98yCOtYI\/sddefault.jpg\"><\/a><\/p>\n<h3>RP3 SAR<\/h3>\n<p>RP3 SAR le ayuda a dar seguimiento a la gesti\u00f3n de requerimientos presentados por sus clientes, tomar las acciones necesarias para dar soluciones \u00e1giles y fortalecer la calidad de sus servicios.<\/p>\n<\/li>\n<\/ul>","protected":false},"excerpt":{"rendered":"<p>RP3 Merchandising RP3 Merchandising es la herramienta clave para la administraci\u00f3n de mercader\u00edas en la insdustria retail, desde la planificaci\u00f3n de compras a hasta el seguimiento de ventas de sus productos. RP3 Punto de venta RP3 POS est\u00e1 dise\u00f1ado para los m\u00faltiples formatos del comercio minorista, ayud\u00e1ndole a agilizar sus procesos, la calidad del servicio [&hellip;]<\/p>\n","protected":false},"author":1,"featured_media":0,"parent":0,"menu_order":0,"comment_status":"closed","ping_status":"closed","template":"template\/video-page.php","meta":{"_acf_changed":false,"footnotes":""},"class_list":["post-4564","page","type-page","status-publish","hentry"],"acf":[],"yoast_head":"<!-- This site is optimized with the Yoast SEO plugin v26.9 - https:\/\/yoast.com\/product\/yoast-seo-wordpress\/ -->\n<title>Videos - RP3<\/title>\n<meta name=\"robots\" content=\"index, follow, max-snippet:-1, max-image-preview:large, max-video-preview:-1\" \/>\n<link rel=\"canonical\" href=\"https:\/\/rp3.5exceptions.co\/en\/videos\/\" \/>\n<meta property=\"og:locale\" content=\"en_US\" \/>\n<meta property=\"og:type\" content=\"article\" \/>\n<meta property=\"og:title\" content=\"Videos - RP3\" \/>\n<meta property=\"og:description\" content=\"RP3 Merchandising RP3 Merchandising es la herramienta clave para la administraci\u00f3n de mercader\u00edas en la insdustria retail, desde la planificaci\u00f3n de compras a hasta el seguimiento de ventas de sus productos. RP3 Punto de venta RP3 POS est\u00e1 dise\u00f1ado para los m\u00faltiples formatos del comercio minorista, ayud\u00e1ndole a agilizar sus procesos, la calidad del servicio [&hellip;]\" \/>\n<meta property=\"og:url\" content=\"https:\/\/rp3.5exceptions.co\/en\/videos\/\" \/>\n<meta property=\"og:site_name\" content=\"RP3\" \/>\n<meta property=\"article:modified_time\" content=\"2026-03-16T08:33:18+00:00\" \/>\n<meta property=\"og:image\" content=\"https:\/\/img.youtube.com\/vi\/dtLmxEUdG8s\/sddefault.jpg\" \/>\n<meta name=\"twitter:card\" content=\"summary_large_image\" \/>\n<meta name=\"twitter:label1\" content=\"Est. reading time\" \/>\n\t<meta name=\"twitter:data1\" content=\"3 minutes\" \/>\n<script type=\"application\/ld+json\" class=\"yoast-schema-graph\">{\"@context\":\"https:\/\/schema.org\",\"@graph\":[{\"@type\":\"WebPage\",\"@id\":\"https:\/\/rp3.5exceptions.co\/videos\/\",\"url\":\"https:\/\/rp3.5exceptions.co\/videos\/\",\"name\":\"Videos - RP3\",\"isPartOf\":{\"@id\":\"https:\/\/rp3.5exceptions.co\/#website\"},\"primaryImageOfPage\":{\"@id\":\"https:\/\/rp3.5exceptions.co\/videos\/#primaryimage\"},\"image\":{\"@id\":\"https:\/\/rp3.5exceptions.co\/videos\/#primaryimage\"},\"thumbnailUrl\":\"https:\/\/img.youtube.com\/vi\/dtLmxEUdG8s\/sddefault.jpg\",\"datePublished\":\"2018-08-05T18:24:00+00:00\",\"dateModified\":\"2026-03-16T08:33:18+00:00\",\"breadcrumb\":{\"@id\":\"https:\/\/rp3.5exceptions.co\/videos\/#breadcrumb\"},\"inLanguage\":\"en-US\",\"potentialAction\":[{\"@type\":\"ReadAction\",\"target\":[\"https:\/\/rp3.5exceptions.co\/videos\/\"]}]},{\"@type\":\"ImageObject\",\"inLanguage\":\"en-US\",\"@id\":\"https:\/\/rp3.5exceptions.co\/videos\/#primaryimage\",\"url\":\"https:\/\/img.youtube.com\/vi\/dtLmxEUdG8s\/sddefault.jpg\",\"contentUrl\":\"https:\/\/img.youtube.com\/vi\/dtLmxEUdG8s\/sddefault.jpg\"},{\"@type\":\"BreadcrumbList\",\"@id\":\"https:\/\/rp3.5exceptions.co\/videos\/#breadcrumb\",\"itemListElement\":[{\"@type\":\"ListItem\",\"position\":1,\"name\":\"Home\",\"item\":\"https:\/\/rp3.5exceptions.co\/\"},{\"@type\":\"ListItem\",\"position\":2,\"name\":\"Videos\"}]},{\"@type\":\"WebSite\",\"@id\":\"https:\/\/rp3.5exceptions.co\/#website\",\"url\":\"https:\/\/rp3.5exceptions.co\/\",\"name\":\"RP3\",\"description\":\"\",\"potentialAction\":[{\"@type\":\"SearchAction\",\"target\":{\"@type\":\"EntryPoint\",\"urlTemplate\":\"https:\/\/rp3.5exceptions.co\/?s={search_term_string}\"},\"query-input\":{\"@type\":\"PropertyValueSpecification\",\"valueRequired\":true,\"valueName\":\"search_term_string\"}}],\"inLanguage\":\"en-US\"}]}<\/script>\n<!-- \/ Yoast SEO plugin. -->","yoast_head_json":{"title":"Videos - RP3","robots":{"index":"index","follow":"follow","max-snippet":"max-snippet:-1","max-image-preview":"max-image-preview:large","max-video-preview":"max-video-preview:-1"},"canonical":"https:\/\/rp3.5exceptions.co\/en\/videos\/","og_locale":"en_US","og_type":"article","og_title":"Videos - RP3","og_description":"RP3 Merchandising RP3 Merchandising es la herramienta clave para la administraci\u00f3n de mercader\u00edas en la insdustria retail, desde la planificaci\u00f3n de compras a hasta el seguimiento de ventas de sus productos. RP3 Punto de venta RP3 POS est\u00e1 dise\u00f1ado para los m\u00faltiples formatos del comercio minorista, ayud\u00e1ndole a agilizar sus procesos, la calidad del servicio [&hellip;]","og_url":"https:\/\/rp3.5exceptions.co\/en\/videos\/","og_site_name":"RP3","article_modified_time":"2026-03-16T08:33:18+00:00","og_image":[{"url":"https:\/\/img.youtube.com\/vi\/dtLmxEUdG8s\/sddefault.jpg","type":"","width":"","height":""}],"twitter_card":"summary_large_image","twitter_misc":{"Est. reading time":"3 minutes"},"schema":{"@context":"https:\/\/schema.org","@graph":[{"@type":"WebPage","@id":"https:\/\/rp3.5exceptions.co\/videos\/","url":"https:\/\/rp3.5exceptions.co\/videos\/","name":"Videos - RP3","isPartOf":{"@id":"https:\/\/rp3.5exceptions.co\/#website"},"primaryImageOfPage":{"@id":"https:\/\/rp3.5exceptions.co\/videos\/#primaryimage"},"image":{"@id":"https:\/\/rp3.5exceptions.co\/videos\/#primaryimage"},"thumbnailUrl":"https:\/\/img.youtube.com\/vi\/dtLmxEUdG8s\/sddefault.jpg","datePublished":"2018-08-05T18:24:00+00:00","dateModified":"2026-03-16T08:33:18+00:00","breadcrumb":{"@id":"https:\/\/rp3.5exceptions.co\/videos\/#breadcrumb"},"inLanguage":"en-US","potentialAction":[{"@type":"ReadAction","target":["https:\/\/rp3.5exceptions.co\/videos\/"]}]},{"@type":"ImageObject","inLanguage":"en-US","@id":"https:\/\/rp3.5exceptions.co\/videos\/#primaryimage","url":"https:\/\/img.youtube.com\/vi\/dtLmxEUdG8s\/sddefault.jpg","contentUrl":"https:\/\/img.youtube.com\/vi\/dtLmxEUdG8s\/sddefault.jpg"},{"@type":"BreadcrumbList","@id":"https:\/\/rp3.5exceptions.co\/videos\/#breadcrumb","itemListElement":[{"@type":"ListItem","position":1,"name":"Home","item":"https:\/\/rp3.5exceptions.co\/"},{"@type":"ListItem","position":2,"name":"Videos"}]},{"@type":"WebSite","@id":"https:\/\/rp3.5exceptions.co\/#website","url":"https:\/\/rp3.5exceptions.co\/","name":"RP3","description":"","potentialAction":[{"@type":"SearchAction","target":{"@type":"EntryPoint","urlTemplate":"https:\/\/rp3.5exceptions.co\/?s={search_term_string}"},"query-input":{"@type":"PropertyValueSpecification","valueRequired":true,"valueName":"search_term_string"}}],"inLanguage":"en-US"}]}},"_links":{"self":[{"href":"https:\/\/rp3.5exceptions.co\/en\/wp-json\/wp\/v2\/pages\/4564","targetHints":{"allow":["GET"]}}],"collection":[{"href":"https:\/\/rp3.5exceptions.co\/en\/wp-json\/wp\/v2\/pages"}],"about":[{"href":"https:\/\/rp3.5exceptions.co\/en\/wp-json\/wp\/v2\/types\/page"}],"author":[{"embeddable":true,"href":"https:\/\/rp3.5exceptions.co\/en\/wp-json\/wp\/v2\/users\/1"}],"replies":[{"embeddable":true,"href":"https:\/\/rp3.5exceptions.co\/en\/wp-json\/wp\/v2\/comments?post=4564"}],"version-history":[{"count":16,"href":"https:\/\/rp3.5exceptions.co\/en\/wp-json\/wp\/v2\/pages\/4564\/revisions"}],"predecessor-version":[{"id":9139,"href":"https:\/\/rp3.5exceptions.co\/en\/wp-json\/wp\/v2\/pages\/4564\/revisions\/9139"}],"wp:attachment":[{"href":"https:\/\/rp3.5exceptions.co\/en\/wp-json\/wp\/v2\/media?parent=4564"}],"curies":[{"name":"wp","href":"https:\/\/api.w.org\/{rel}","templated":true}]}}